{"id":3116,"date":"2026-03-13T14:04:10","date_gmt":"2026-03-13T13:04:10","guid":{"rendered":"https:\/\/www.ofenatelier.at\/staging\/?page_id=3116"},"modified":"2026-04-01T08:46:10","modified_gmt":"2026-04-01T06:46:10","slug":"impressum","status":"publish","type":"page","link":"https:\/\/www.ofenatelier.at\/?page_id=3116","title":{"rendered":"Impressum"},"content":{"rendered":"\n<div class=\"wp-block-group animated fadeIn delay-100ms has-global-padding is-layout-constrained wp-container-core-group-is-layout-c7b74633 wp-block-group-is-layout-constrained\" style=\"margin-top:var(--wp--preset--spacing--50);padding-right:var(--wp--preset--spacing--50);padding-left:var(--wp--preset--spacing--50)\">\n<h1 class=\"wp-block-heading has-text-align-center\">Impressum<\/h1>\n\n\n\n<div style=\"height:25px\" aria-hidden=\"true\" class=\"wp-block-spacer\"><\/div>\n\n\n\n<h4 class=\"wp-block-heading has-text-align-left has-x-large-font-size\">Anschrift &amp; Kontakt<\/h4>\n\n\n\n<p class=\"has-text-align-left\">Angaben gem\u00e4\u00df \u00a7 5 ECG, \u00a7 14 UGB und \u00a7 63 GewO<\/p>\n\n\n\n<p><\/p>\n\n\n\n<p class=\"has-text-align-left\"><strong>OFEN ATELIER STEINBACHER e.U.<\/strong><br>Winkelsdorf 5<br>3232 Bischofstetten<br>\u00d6sterreich<\/p>\n\n\n\n<p>Telefon: +43 681 844 100 55<br>E-Mail: <a href=\"mailto:office@ofenatelier.at\">office@ofenatelier.at<\/a><br>Website: <a href=\"http:\/\/www.ofenatelier.at\">www.ofenatelier.at<\/a><\/p>\n\n\n\n<p><strong>Rechtsform:<\/strong> Einzelunternehmen (e.U.)<br><strong>Standesvertretung:<\/strong> Wirtschaftskammer \u00d6sterreich<br><strong>Fachgruppe: <\/strong>LI Hafner, Platten- und Fliesenleger und Keramiker<br><strong>Gewerbewortlaut: <\/strong>Hafner (Handwerk) gem. \u00a7 94 Z 30 GewO 1994<br><strong>Firmenbuchnummer:<\/strong> 585545x<br><strong>Firmengericht: <\/strong>Landesgericht St. P\u00f6lten<br><strong>Beh\u00f6rde gem. ECG (E-Commerce Gesetz):<\/strong> Bezirkshauptmannschaft Melk<br><strong>GISA-Zahl:<\/strong> 35173212<br><strong>Steuernummer:<\/strong> ATU78114247<\/p>\n\n\n\n<h3 class=\"wp-block-heading\">Haftung f\u00fcr Inhalte und Links<\/h3>\n\n\n\n<p>Die Inhalte auf der Website <a href=\"https:\/\/www.ofenatelier.at\/\">www.ofenatelier.at<\/a> wurden sorgf\u00e4ltig erstellt, dennoch kann keine Gew\u00e4hr f\u00fcr deren Richtigkeit, Vollst\u00e4ndigkeit oder Aktualit\u00e4t \u00fcbernommen werden. F\u00fcr Inhalte externer Websites, auf die \u00fcber Links verwiesen wird, besteht keine Verantwortung, da darauf kein Einfluss besteht.<\/p>\n\n\n\n<h3 class=\"wp-block-heading\">Urheberrecht<\/h3>\n\n\n\n<p>Die Inhalte und Werke auf dieser Website unterliegen dem \u00f6sterreichischen Urheberrecht. Jede Art der Verwertung bedarf einer schriftlichen Zustimmung.<\/p>\n\n\n\n<div style=\"height:50px\" aria-hidden=\"true\" class=\"wp-block-spacer\"><\/div>\n<\/div>\n","protected":false},"excerpt":{"rendered":"<p>Impressum Anschrift &amp; Kontakt Angaben gem\u00e4\u00df \u00a7 5 ECG, \u00a7 14 UGB und \u00a7 63 GewO OFEN ATELIER STEINBACHER e.U.Winkelsdorf 53232 Bischofstetten\u00d6sterreich Telefon: +43 681 844 100 55E-Mail: office@ofenatelier.atWebsite: www.ofenatelier.at Rechtsform: Einzelunternehmen (e.U.)Standesvertretung: Wirtschaftskammer \u00d6sterreichFachgruppe: LI Hafner, Platten- und Fliesenleger und KeramikerGewerbewortlaut: Hafner (Handwerk) gem. \u00a7 94 Z 30 GewO 1994Firmenbuchnummer: 585545xFirmengericht: Landesgericht St. P\u00f6ltenBeh\u00f6rde [&hellip;]<\/p>\n","protected":false},"author":1,"featured_media":0,"parent":1564,"menu_order":0,"comment_status":"closed","ping_status":"closed","template":"","meta":{"footnotes":""},"class_list":["post-3116","page","type-page","status-publish","hentry"],"yoast_head":"<!-- This site is optimized with the Yoast SEO plugin v27.6 - https:\/\/yoast.com\/product\/yoast-seo-wordpress\/ -->\n<title>Impressum - OFEN ATELIER STEINBACHER<\/title>\n<meta name=\"description\" content=\"OFEN ATELIER STEINBACHER e.U., Winkelsdorf 5, 3232 Bischofstetten, Nieder\u00f6sterreich, \u00d6sterreich;\" \/>\n<meta name=\"robots\" content=\"index, follow, max-snippet:-1, max-image-preview:large, max-video-preview:-1\" \/>\n<link rel=\"canonical\" href=\"https:\/\/www.ofenatelier.at\/?page_id=3116\" \/>\n<meta property=\"og:locale\" content=\"de_DE\" \/>\n<meta property=\"og:type\" content=\"article\" \/>\n<meta property=\"og:title\" content=\"Impressum - OFEN ATELIER STEINBACHER\" \/>\n<meta property=\"og:description\" content=\"OFEN ATELIER STEINBACHER e.U., Winkelsdorf 5, 3232 Bischofstetten, Nieder\u00f6sterreich, \u00d6sterreich;\" \/>\n<meta property=\"og:url\" content=\"https:\/\/www.ofenatelier.at\/?page_id=3116\" \/>\n<meta property=\"og:site_name\" content=\"OFEN ATELIER STEINBACHER\" \/>\n<meta property=\"article:modified_time\" content=\"2026-04-01T06:46:10+00:00\" \/>\n<meta name=\"twitter:card\" content=\"summary_large_image\" \/>\n<meta name=\"twitter:label1\" content=\"Gesch\u00e4tzte Lesezeit\" \/>\n\t<meta name=\"twitter:data1\" content=\"1\u00a0Minute\" \/>\n<script type=\"application\/ld+json\" class=\"yoast-schema-graph\">{\"@context\":\"https:\\\/\\\/schema.org\",\"@graph\":[{\"@type\":\"WebPage\",\"@id\":\"https:\\\/\\\/www.ofenatelier.at\\\/?page_id=3116\",\"url\":\"https:\\\/\\\/www.ofenatelier.at\\\/?page_id=3116\",\"name\":\"Impressum - OFEN ATELIER STEINBACHER\",\"isPartOf\":{\"@id\":\"https:\\\/\\\/www.ofenatelier.at\\\/#website\"},\"datePublished\":\"2026-03-13T13:04:10+00:00\",\"dateModified\":\"2026-04-01T06:46:10+00:00\",\"description\":\"OFEN ATELIER STEINBACHER e.U., Winkelsdorf 5, 3232 Bischofstetten, Nieder\u00f6sterreich, \u00d6sterreich;\",\"breadcrumb\":{\"@id\":\"https:\\\/\\\/www.ofenatelier.at\\\/?page_id=3116#breadcrumb\"},\"inLanguage\":\"de\",\"potentialAction\":[{\"@type\":\"ReadAction\",\"target\":[\"https:\\\/\\\/www.ofenatelier.at\\\/?page_id=3116\"]}]},{\"@type\":\"BreadcrumbList\",\"@id\":\"https:\\\/\\\/www.ofenatelier.at\\\/?page_id=3116#breadcrumb\",\"itemListElement\":[{\"@type\":\"ListItem\",\"position\":1,\"name\":\"Start\",\"item\":\"https:\\\/\\\/www.ofenatelier.at\\\/\"},{\"@type\":\"ListItem\",\"position\":2,\"name\":\"Home\",\"item\":\"https:\\\/\\\/www.ofenatelier.at\\\/\"},{\"@type\":\"ListItem\",\"position\":3,\"name\":\"Impressum\"}]},{\"@type\":\"WebSite\",\"@id\":\"https:\\\/\\\/www.ofenatelier.at\\\/#website\",\"url\":\"https:\\\/\\\/www.ofenatelier.at\\\/\",\"name\":\"OFEN ATELIER STEINBACHER\",\"description\":\"Einfacher mit Steinbacher\",\"publisher\":{\"@id\":\"https:\\\/\\\/www.ofenatelier.at\\\/#organization\"},\"potentialAction\":[{\"@type\":\"SearchAction\",\"target\":{\"@type\":\"EntryPoint\",\"urlTemplate\":\"https:\\\/\\\/www.ofenatelier.at\\\/?s={search_term_string}\"},\"query-input\":{\"@type\":\"PropertyValueSpecification\",\"valueRequired\":true,\"valueName\":\"search_term_string\"}}],\"inLanguage\":\"de\"},{\"@type\":\"Organization\",\"@id\":\"https:\\\/\\\/www.ofenatelier.at\\\/#organization\",\"name\":\"OFEN ATELIER STEINBACHER\",\"url\":\"https:\\\/\\\/www.ofenatelier.at\\\/\",\"logo\":{\"@type\":\"ImageObject\",\"inLanguage\":\"de\",\"@id\":\"https:\\\/\\\/www.ofenatelier.at\\\/#\\\/schema\\\/logo\\\/image\\\/\",\"url\":\"https:\\/\\/www.ofenatelier.at\\/wp-content\\/uploads\\/2026\\/03\\/logo_ofenatelier_rgb.webp\",\"contentUrl\":\"https:\\/\\/www.ofenatelier.at\\/wp-content\\/uploads\\/2026\\/03\\/logo_ofenatelier_rgb.webp\",\"width\":398,\"height\":194,\"caption\":\"OFEN ATELIER STEINBACHER\"},\"image\":{\"@id\":\"https:\\\/\\\/www.ofenatelier.at\\\/#\\\/schema\\\/logo\\\/image\\\/\"}}]}<\/script>\n<!-- \/ Yoast SEO plugin. -->","yoast_head_json":{"title":"Impressum - OFEN ATELIER STEINBACHER","description":"OFEN ATELIER STEINBACHER e.U., Winkelsdorf 5, 3232 Bischofstetten, Nieder\u00f6sterreich, \u00d6sterreich;","robots":{"index":"index","follow":"follow","max-snippet":"max-snippet:-1","max-image-preview":"max-image-preview:large","max-video-preview":"max-video-preview:-1"},"canonical":"https:\/\/www.ofenatelier.at\/?page_id=3116","og_locale":"de_DE","og_type":"article","og_title":"Impressum - OFEN ATELIER STEINBACHER","og_description":"OFEN ATELIER STEINBACHER e.U., Winkelsdorf 5, 3232 Bischofstetten, Nieder\u00f6sterreich, \u00d6sterreich;","og_url":"https:\/\/www.ofenatelier.at\/?page_id=3116","og_site_name":"OFEN ATELIER STEINBACHER","article_modified_time":"2026-04-01T06:46:10+00:00","twitter_card":"summary_large_image","twitter_misc":{"Gesch\u00e4tzte Lesezeit":"1\u00a0Minute"},"schema":{"@context":"https:\/\/schema.org","@graph":[{"@type":"WebPage","@id":"https:\/\/www.ofenatelier.at\/?page_id=3116","url":"https:\/\/www.ofenatelier.at\/?page_id=3116","name":"Impressum - OFEN ATELIER STEINBACHER","isPartOf":{"@id":"https:\/\/www.ofenatelier.at\/#website"},"datePublished":"2026-03-13T13:04:10+00:00","dateModified":"2026-04-01T06:46:10+00:00","description":"OFEN ATELIER STEINBACHER e.U., Winkelsdorf 5, 3232 Bischofstetten, Nieder\u00f6sterreich, \u00d6sterreich;","breadcrumb":{"@id":"https:\/\/www.ofenatelier.at\/?page_id=3116#breadcrumb"},"inLanguage":"de","potentialAction":[{"@type":"ReadAction","target":["https:\/\/www.ofenatelier.at\/?page_id=3116"]}]},{"@type":"BreadcrumbList","@id":"https:\/\/www.ofenatelier.at\/?page_id=3116#breadcrumb","itemListElement":[{"@type":"ListItem","position":1,"name":"Start","item":"https:\/\/www.ofenatelier.at\/"},{"@type":"ListItem","position":2,"name":"Home","item":"https:\/\/www.ofenatelier.at\/"},{"@type":"ListItem","position":3,"name":"Impressum"}]},{"@type":"WebSite","@id":"https:\/\/www.ofenatelier.at\/#website","url":"https:\/\/www.ofenatelier.at\/","name":"OFEN ATELIER STEINBACHER","description":"Einfacher mit Steinbacher","publisher":{"@id":"https:\/\/www.ofenatelier.at\/#organization"},"potentialAction":[{"@type":"SearchAction","target":{"@type":"EntryPoint","urlTemplate":"https:\/\/www.ofenatelier.at\/?s={search_term_string}"},"query-input":{"@type":"PropertyValueSpecification","valueRequired":true,"valueName":"search_term_string"}}],"inLanguage":"de"},{"@type":"Organization","@id":"https:\/\/www.ofenatelier.at\/#organization","name":"OFEN ATELIER STEINBACHER","url":"https:\/\/www.ofenatelier.at\/","logo":{"@type":"ImageObject","inLanguage":"de","@id":"https:\/\/www.ofenatelier.at\/#\/schema\/logo\/image\/","url":"https:\/\/mlqsxez4c8lc.i.optimole.com\/cb:BduY.27\/w:auto\/h:auto\/q:mauto\/f:best\/https:\/\/www.ofenatelier.at\/wp-content\/uploads\/2026\/03\/logo_ofenatelier_rgb.webp","contentUrl":"https:\/\/mlqsxez4c8lc.i.optimole.com\/cb:BduY.27\/w:auto\/h:auto\/q:mauto\/f:best\/https:\/\/www.ofenatelier.at\/wp-content\/uploads\/2026\/03\/logo_ofenatelier_rgb.webp","width":398,"height":194,"caption":"OFEN ATELIER STEINBACHER"},"image":{"@id":"https:\/\/www.ofenatelier.at\/#\/schema\/logo\/image\/"}}]}},"_links":{"self":[{"href":"https:\/\/www.ofenatelier.at\/index.php?rest_route=\/wp\/v2\/pages\/3116","targetHints":{"allow":["GET"]}}],"collection":[{"href":"https:\/\/www.ofenatelier.at\/index.php?rest_route=\/wp\/v2\/pages"}],"about":[{"href":"https:\/\/www.ofenatelier.at\/index.php?rest_route=\/wp\/v2\/types\/page"}],"author":[{"embeddable":true,"href":"https:\/\/www.ofenatelier.at\/index.php?rest_route=\/wp\/v2\/users\/1"}],"replies":[{"embeddable":true,"href":"https:\/\/www.ofenatelier.at\/index.php?rest_route=%2Fwp%2Fv2%2Fcomments&post=3116"}],"version-history":[{"count":17,"href":"https:\/\/www.ofenatelier.at\/index.php?rest_route=\/wp\/v2\/pages\/3116\/revisions"}],"predecessor-version":[{"id":3284,"href":"https:\/\/www.ofenatelier.at\/index.php?rest_route=\/wp\/v2\/pages\/3116\/revisions\/3284"}],"up":[{"embeddable":true,"href":"https:\/\/www.ofenatelier.at\/index.php?rest_route=\/wp\/v2\/pages\/1564"}],"wp:attachment":[{"href":"https:\/\/www.ofenatelier.at\/index.php?rest_route=%2Fwp%2Fv2%2Fmedia&parent=3116"}],"curies":[{"name":"wp","href":"https:\/\/api.w.org\/{rel}","templated":true}]}}